{"id":235,"date":"2024-05-24T09:01:00","date_gmt":"2024-05-24T09:01:00","guid":{"rendered":"https:\/\/windyport.it\/?page_id=235"},"modified":"2024-06-24T15:00:51","modified_gmt":"2024-06-24T15:00:51","slug":"home","status":"publish","type":"page","link":"https:\/\/windyport.it\/","title":{"rendered":"Home"},"content":{"rendered":"\t\t<div data-elementor-type=\"wp-page\" data-elementor-id=\"235\" class=\"elementor elementor-235\" data-elementor-post-type=\"page\">\n\t\t\t\t<div class=\"elementor-element elementor-element-d8aa848 e-flex e-con-boxed e-con e-parent\" data-id=\"d8aa848\" data-element_type=\"container\" data-settings=\"{&quot;background_background&quot;:&quot;classic&quot;,&quot;background_motion_fx_motion_fx_scrolling&quot;:&quot;yes&quot;,&quot;background_motion_fx_translateY_effect&quot;:&quot;yes&quot;,&quot;background_motion_fx_translateY_speed&quot;:{&quot;unit&quot;:&quot;px&quot;,&quot;size&quot;:4,&quot;sizes&quot;:[]},&quot;background_motion_fx_translateY_affectedRange&quot;:{&quot;unit&quot;:&quot;%&quot;,&quot;size&quot;:&quot;&quot;,&quot;sizes&quot;:{&quot;start&quot;:0,&quot;end&quot;:100}},&quot;background_motion_fx_devices&quot;:[&quot;desktop&quot;,&quot;tablet&quot;,&quot;mobile&quot;]}\">\n\t\t\t\t\t<div class=\"e-con-inner\">\n\t\t<div class=\"elementor-element elementor-element-aa73357 e-con-full e-flex e-con e-child\" data-id=\"aa73357\" data-element_type=\"container\" data-settings=\"{&quot;background_background&quot;:&quot;classic&quot;}\">\n\t\t\t\t<div class=\"elementor-element elementor-element-8f2031d elementor-hidden-desktop elementor-widget elementor-widget-spacer\" data-id=\"8f2031d\" data-element_type=\"widget\" data-widget_type=\"spacer.default\">\n\t\t\t\t<div class=\"elementor-widget-container\">\n\t\t\t\t\t\t\t<div class=\"elementor-spacer\">\n\t\t\t<div class=\"elementor-spacer-inner\"><\/div>\n\t\t<\/div>\n\t\t\t\t\t\t<\/div>\n\t\t\t\t<\/div>\n\t\t\t\t<div class=\"elementor-element elementor-element-06d5939 elementor-invisible elementor-widget elementor-widget-heading\" data-id=\"06d5939\" data-element_type=\"widget\" data-settings=\"{&quot;_animation&quot;:&quot;fadeInUp&quot;}\" data-widget_type=\"heading.default\">\n\t\t\t\t<div class=\"elementor-widget-container\">\n\t\t\t\t\t<h1 class=\"elementor-heading-title elementor-size-default\">Sail the change<\/h1>\t\t\t\t<\/div>\n\t\t\t\t<\/div>\n\t\t\t\t<div class=\"elementor-element elementor-element-2cb6801 elementor-widget__width-initial elementor-invisible elementor-widget elementor-widget-text-editor\" data-id=\"2cb6801\" data-element_type=\"widget\" data-settings=\"{&quot;_animation&quot;:&quot;fadeIn&quot;}\" data-widget_type=\"text-editor.default\">\n\t\t\t\t<div class=\"elementor-widget-container\">\n\t\t\t\t\t\t\t\t\t<p>\u201cThe only way forward, if we are going to improve the quality of the environment, is to get everybody involved.\u201d<\/p><p><strong><em>Richard Rogers<\/em><\/strong><\/p>\t\t\t\t\t\t\t\t<\/div>\n\t\t\t\t<\/div>\n\t\t\t\t<div class=\"elementor-element elementor-element-a2993c8 elementor-view-default elementor-widget elementor-widget-icon\" data-id=\"a2993c8\" data-element_type=\"widget\" data-widget_type=\"icon.default\">\n\t\t\t\t<div class=\"elementor-widget-container\">\n\t\t\t\t\t\t\t<div class=\"elementor-icon-wrapper\">\n\t\t\t<a class=\"elementor-icon\" href=\"#about\">\n\t\t\t<svg aria-hidden=\"true\" class=\"e-font-icon-svg e-fas-chevron-down\" viewBox=\"0 0 448 512\" xmlns=\"http:\/\/www.w3.org\/2000\/svg\"><path d=\"M207.029 381.476L12.686 187.132c-9.373-9.373-9.373-24.569 0-33.941l22.667-22.667c9.357-9.357 24.522-9.375 33.901-.04L224 284.505l154.745-154.021c9.379-9.335 24.544-9.317 33.901.04l22.667 22.667c9.373 9.373 9.373 24.569 0 33.941L240.971 381.476c-9.373 9.372-24.569 9.372-33.942 0z\"><\/path><\/svg>\t\t\t<\/a>\n\t\t<\/div>\n\t\t\t\t\t\t<\/div>\n\t\t\t\t<\/div>\n\t\t\t\t<\/div>\n\t\t\t\t\t<\/div>\n\t\t\t\t<\/div>\n\t\t<div class=\"elementor-element elementor-element-0caf8e1 e-flex e-con-boxed e-con e-parent\" data-id=\"0caf8e1\" data-element_type=\"container\">\n\t\t\t\t\t<div class=\"e-con-inner\">\n\t\t\t\t<div class=\"elementor-element elementor-element-ffa2bf0 elementor-widget elementor-widget-menu-anchor\" data-id=\"ffa2bf0\" data-element_type=\"widget\" data-widget_type=\"menu-anchor.default\">\n\t\t\t\t<div class=\"elementor-widget-container\">\n\t\t\t\t\t\t\t<div class=\"elementor-menu-anchor\" id=\"about\"><\/div>\n\t\t\t\t\t\t<\/div>\n\t\t\t\t<\/div>\n\t\t\t\t\t<\/div>\n\t\t\t\t<\/div>\n\t\t<div class=\"elementor-element elementor-element-a436667 e-flex e-con-boxed e-con e-parent\" data-id=\"a436667\" data-element_type=\"container\" data-settings=\"{&quot;background_background&quot;:&quot;classic&quot;}\">\n\t\t\t\t\t<div class=\"e-con-inner\">\n\t\t<div class=\"elementor-element elementor-element-69f607d e-con-full e-flex e-con e-child\" data-id=\"69f607d\" data-element_type=\"container\" data-settings=\"{&quot;background_background&quot;:&quot;classic&quot;}\">\n\t\t\t\t<div class=\"elementor-element elementor-element-bae9b41 elementor-widget elementor-widget-image\" data-id=\"bae9b41\" data-element_type=\"widget\" data-widget_type=\"image.default\">\n\t\t\t\t<div class=\"elementor-widget-container\">\n\t\t\t\t\t\t\t\t\t\t\t\t\t\t\t<img decoding=\"async\" width=\"54\" height=\"54\" src=\"https:\/\/windyport.it\/wp-content\/uploads\/2024\/04\/windyport-icon.svg\" class=\"attachment-full size-full wp-image-18\" alt=\"\" \/>\t\t\t\t\t\t\t\t\t\t\t\t\t\t\t<\/div>\n\t\t\t\t<\/div>\n\t\t\t\t<div class=\"elementor-element elementor-element-efb3693 elementor-widget elementor-widget-heading\" data-id=\"efb3693\" data-element_type=\"widget\" data-widget_type=\"heading.default\">\n\t\t\t\t<div class=\"elementor-widget-container\">\n\t\t\t\t\t<h2 class=\"elementor-heading-title elementor-size-default\">ABOUT<\/h2>\t\t\t\t<\/div>\n\t\t\t\t<\/div>\n\t\t\t\t<div class=\"elementor-element elementor-element-68ba46e elementor-widget elementor-widget-text-editor\" data-id=\"68ba46e\" data-element_type=\"widget\" data-widget_type=\"text-editor.default\">\n\t\t\t\t<div class=\"elementor-widget-container\">\n\t\t\t\t\t\t\t\t\t<p>Windy Port sostiene la sinergia tra imprese, comunit\u00e0 e ambiente naturale per <strong>facilitare l&#8217;adozione delle pratiche sostenibili in tutte le aziende<\/strong> ed <strong>estenderne al massimo la diffusione<\/strong>. Il nostro obiettivo primario consiste nell\u2019<strong>innescare internamente alle aziende un processo virtuoso e progressivamente estensivo<\/strong> che <strong>mitighi gli impatti negativi<\/strong> e <strong>accresca i benefici per le aziende stesse, la societ\u00e0 e gli ecosistemi da cui provengono le risorse<\/strong>.<\/p>\t\t\t\t\t\t\t\t<\/div>\n\t\t\t\t<\/div>\n\t\t\t\t<div class=\"elementor-element elementor-element-24587f3 elementor-widget elementor-widget-button\" data-id=\"24587f3\" data-element_type=\"widget\" data-widget_type=\"button.default\">\n\t\t\t\t<div class=\"elementor-widget-container\">\n\t\t\t\t\t\t\t\t\t<div class=\"elementor-button-wrapper\">\n\t\t\t\t\t<a class=\"elementor-button elementor-button-link elementor-size-sm\" href=\"https:\/\/windyport.it\/index.php\/about\/\">\n\t\t\t\t\t\t<span class=\"elementor-button-content-wrapper\">\n\t\t\t\t\t\t\t\t\t<span class=\"elementor-button-text\">Scopri di pi\u00f9<\/span>\n\t\t\t\t\t<\/span>\n\t\t\t\t\t<\/a>\n\t\t\t\t<\/div>\n\t\t\t\t\t\t\t\t<\/div>\n\t\t\t\t<\/div>\n\t\t\t\t<\/div>\n\t\t\t\t\t<\/div>\n\t\t\t\t<\/div>\n\t\t<div class=\"elementor-element elementor-element-ca3b730 elementor-hidden-desktop elementor-hidden-tablet e-flex e-con-boxed e-con e-parent\" data-id=\"ca3b730\" data-element_type=\"container\">\n\t\t\t\t\t<div class=\"e-con-inner\">\n\t\t\t\t<div class=\"elementor-element elementor-element-ff8bc34 elementor-widget elementor-widget-image\" data-id=\"ff8bc34\" data-element_type=\"widget\" data-widget_type=\"image.default\">\n\t\t\t\t<div class=\"elementor-widget-container\">\n\t\t\t\t\t\t\t\t\t\t\t\t\t\t\t<img fetchpriority=\"high\" decoding=\"async\" width=\"1920\" height=\"1076\" src=\"https:\/\/windyport.it\/wp-content\/uploads\/2024\/05\/windyport-sostenibilita-2.jpg\" class=\"attachment-full size-full wp-image-160\" alt=\"\" srcset=\"https:\/\/windyport.it\/wp-content\/uploads\/2024\/05\/windyport-sostenibilita-2.jpg 1920w, https:\/\/windyport.it\/wp-content\/uploads\/2024\/05\/windyport-sostenibilita-2-300x168.jpg 300w, https:\/\/windyport.it\/wp-content\/uploads\/2024\/05\/windyport-sostenibilita-2-1024x574.jpg 1024w, https:\/\/windyport.it\/wp-content\/uploads\/2024\/05\/windyport-sostenibilita-2-768x430.jpg 768w, https:\/\/windyport.it\/wp-content\/uploads\/2024\/05\/windyport-sostenibilita-2-1536x861.jpg 1536w\" sizes=\"(max-width: 1920px) 100vw, 1920px\" \/>\t\t\t\t\t\t\t\t\t\t\t\t\t\t\t<\/div>\n\t\t\t\t<\/div>\n\t\t\t\t\t<\/div>\n\t\t\t\t<\/div>\n\t\t<div class=\"elementor-element elementor-element-303b57d e-flex e-con-boxed e-con e-parent\" data-id=\"303b57d\" data-element_type=\"container\" data-settings=\"{&quot;background_background&quot;:&quot;classic&quot;}\">\n\t\t\t\t\t<div class=\"e-con-inner\">\n\t\t<div class=\"elementor-element elementor-element-31e9315 e-con-full e-flex e-con e-child\" data-id=\"31e9315\" data-element_type=\"container\" data-settings=\"{&quot;background_background&quot;:&quot;classic&quot;}\">\n\t\t\t\t<div class=\"elementor-element elementor-element-25446b3 elementor-widget elementor-widget-heading\" data-id=\"25446b3\" data-element_type=\"widget\" data-widget_type=\"heading.default\">\n\t\t\t\t<div class=\"elementor-widget-container\">\n\t\t\t\t\t<h2 class=\"elementor-heading-title elementor-size-default\">SOSTENIBILIT\u00c0<\/h2>\t\t\t\t<\/div>\n\t\t\t\t<\/div>\n\t\t\t\t<div class=\"elementor-element elementor-element-98c2966 elementor-widget elementor-widget-text-editor\" data-id=\"98c2966\" data-element_type=\"widget\" data-widget_type=\"text-editor.default\">\n\t\t\t\t<div class=\"elementor-widget-container\">\n\t\t\t\t\t\t\t\t\t<p>Condividiamo\u00a0una\u00a0<strong>visione contemporanea di sostenibilit\u00e0<\/strong>\u00a0che\u00a0si basa sulla <strong>rilevanza dell\u2019approccio olistico e proattivo<\/strong> e che\u00a0prevede la conversione di tutta la societ\u00e0 interazionale (di cui le aziende sono attori imprescindibili) in una <strong>societ\u00e0 resiliente e florida<\/strong>, che possa perdurare e prosperare attraverso le generazioni future grazie alla dinamica internazionale tra le tre dimensioni della protezione ambientale, dell&#8217;equit\u00e0 sociale e della prosperit\u00e0 economica.<\/p><p>Tutti gli attori della societ\u00e0 sono coinvolti nella transizione verso la sostenibilit\u00e0 e ogni attore ha le sue specifiche modalit\u00e0 di conversione.<\/p>\t\t\t\t\t\t\t\t<\/div>\n\t\t\t\t<\/div>\n\t\t\t\t<div class=\"elementor-element elementor-element-0056977 elementor-widget elementor-widget-button\" data-id=\"0056977\" data-element_type=\"widget\" data-widget_type=\"button.default\">\n\t\t\t\t<div class=\"elementor-widget-container\">\n\t\t\t\t\t\t\t\t\t<div class=\"elementor-button-wrapper\">\n\t\t\t\t\t<a class=\"elementor-button elementor-button-link elementor-size-sm\" href=\"https:\/\/windyport.it\/index.php\/sostenibilita\/\">\n\t\t\t\t\t\t<span class=\"elementor-button-content-wrapper\">\n\t\t\t\t\t\t\t\t\t<span class=\"elementor-button-text\">Scopri di pi\u00f9<\/span>\n\t\t\t\t\t<\/span>\n\t\t\t\t\t<\/a>\n\t\t\t\t<\/div>\n\t\t\t\t\t\t\t\t<\/div>\n\t\t\t\t<\/div>\n\t\t\t\t<\/div>\n\t\t\t\t\t<\/div>\n\t\t\t\t<\/div>\n\t\t<div class=\"elementor-element elementor-element-bca80e1 elementor-hidden-desktop elementor-hidden-tablet e-flex e-con-boxed e-con e-parent\" data-id=\"bca80e1\" data-element_type=\"container\">\n\t\t\t\t\t<div class=\"e-con-inner\">\n\t\t\t\t<div class=\"elementor-element elementor-element-60b0567 elementor-widget elementor-widget-image\" data-id=\"60b0567\" data-element_type=\"widget\" data-widget_type=\"image.default\">\n\t\t\t\t<div class=\"elementor-widget-container\">\n\t\t\t\t\t\t\t\t\t\t\t\t\t\t\t<img decoding=\"async\" width=\"1920\" height=\"1280\" src=\"https:\/\/windyport.it\/wp-content\/uploads\/2024\/05\/windyport-servizi.jpg\" class=\"attachment-full size-full wp-image-231\" alt=\"\" srcset=\"https:\/\/windyport.it\/wp-content\/uploads\/2024\/05\/windyport-servizi.jpg 1920w, https:\/\/windyport.it\/wp-content\/uploads\/2024\/05\/windyport-servizi-300x200.jpg 300w, https:\/\/windyport.it\/wp-content\/uploads\/2024\/05\/windyport-servizi-1024x683.jpg 1024w, https:\/\/windyport.it\/wp-content\/uploads\/2024\/05\/windyport-servizi-768x512.jpg 768w, https:\/\/windyport.it\/wp-content\/uploads\/2024\/05\/windyport-servizi-1536x1024.jpg 1536w\" sizes=\"(max-width: 1920px) 100vw, 1920px\" \/>\t\t\t\t\t\t\t\t\t\t\t\t\t\t\t<\/div>\n\t\t\t\t<\/div>\n\t\t\t\t\t<\/div>\n\t\t\t\t<\/div>\n\t\t<div class=\"elementor-element elementor-element-e58c582 e-flex e-con-boxed e-con e-parent\" data-id=\"e58c582\" data-element_type=\"container\" data-settings=\"{&quot;background_background&quot;:&quot;classic&quot;}\">\n\t\t\t\t\t<div class=\"e-con-inner\">\n\t\t<div class=\"elementor-element elementor-element-94ee2ad e-con-full e-flex e-con e-child\" data-id=\"94ee2ad\" data-element_type=\"container\" data-settings=\"{&quot;background_background&quot;:&quot;classic&quot;}\">\n\t\t\t\t<div class=\"elementor-element elementor-element-fa9df77 elementor-widget elementor-widget-heading\" data-id=\"fa9df77\" data-element_type=\"widget\" data-widget_type=\"heading.default\">\n\t\t\t\t<div class=\"elementor-widget-container\">\n\t\t\t\t\t<h3 class=\"elementor-heading-title elementor-size-default\">SERVIZI<\/h3>\t\t\t\t<\/div>\n\t\t\t\t<\/div>\n\t\t\t\t<div class=\"elementor-element elementor-element-a48daf9 elementor-widget elementor-widget-text-editor\" data-id=\"a48daf9\" data-element_type=\"widget\" data-widget_type=\"text-editor.default\">\n\t\t\t\t<div class=\"elementor-widget-container\">\n\t\t\t\t\t\t\t\t\t<p>Interpretare correttamente la transizione aziendale verso la sostenibilit\u00e0 pu\u00f2 risultare caotico e sembrare inizialmente complicato.<\/p><p>I nostri servizi offrono assistenza alle aziende e alle organizzazioni nell\u2019implementazione del percorso di sostenibilit\u00e0 pi\u00f9 opportuno per loro.<\/p>\t\t\t\t\t\t\t\t<\/div>\n\t\t\t\t<\/div>\n\t\t\t\t<div class=\"elementor-element elementor-element-37eb5cd elementor-widget elementor-widget-button\" data-id=\"37eb5cd\" data-element_type=\"widget\" data-widget_type=\"button.default\">\n\t\t\t\t<div class=\"elementor-widget-container\">\n\t\t\t\t\t\t\t\t\t<div class=\"elementor-button-wrapper\">\n\t\t\t\t\t<a class=\"elementor-button elementor-button-link elementor-size-sm\" href=\"https:\/\/windyport.it\/index.php\/servizi\/\">\n\t\t\t\t\t\t<span class=\"elementor-button-content-wrapper\">\n\t\t\t\t\t\t\t\t\t<span class=\"elementor-button-text\">Scopri di pi\u00f9<\/span>\n\t\t\t\t\t<\/span>\n\t\t\t\t\t<\/a>\n\t\t\t\t<\/div>\n\t\t\t\t\t\t\t\t<\/div>\n\t\t\t\t<\/div>\n\t\t\t\t<\/div>\n\t\t\t\t\t<\/div>\n\t\t\t\t<\/div>\n\t\t\t\t<\/div>\n\t\t","protected":false},"excerpt":{"rendered":"<p>Sail the change \u201cThe only way forward, if we are going to improve the quality of the environment, is to get everybody involved.\u201d Richard Rogers ABOUT Windy Port sostiene la sinergia tra imprese, comunit\u00e0 e ambiente naturale per facilitare l&#8217;adozione delle pratiche sostenibili in tutte le aziende ed estenderne al massimo la diffusione. Il nostro [&hellip;]<\/p>\n","protected":false},"author":1,"featured_media":0,"parent":0,"menu_order":0,"comment_status":"closed","ping_status":"closed","template":"elementor_header_footer","meta":{"footnotes":""},"class_list":["post-235","page","type-page","status-publish","hentry"],"yoast_head":"<!-- This site is optimized with the Yoast SEO plugin v25.8 - https:\/\/yoast.com\/wordpress\/plugins\/seo\/ -->\n<title>Home - Windyport<\/title>\n<meta name=\"robots\" content=\"index, follow, max-snippet:-1, max-image-preview:large, max-video-preview:-1\" \/>\n<link rel=\"canonical\" href=\"https:\/\/windyport.it\/\" \/>\n<meta property=\"og:locale\" content=\"it_IT\" \/>\n<meta property=\"og:type\" content=\"article\" \/>\n<meta property=\"og:title\" content=\"Home - Windyport\" \/>\n<meta property=\"og:description\" content=\"Sail the change \u201cThe only way forward, if we are going to improve the quality of the environment, is to get everybody involved.\u201d Richard Rogers ABOUT Windy Port sostiene la sinergia tra imprese, comunit\u00e0 e ambiente naturale per facilitare l&#8217;adozione delle pratiche sostenibili in tutte le aziende ed estenderne al massimo la diffusione. Il nostro [&hellip;]\" \/>\n<meta property=\"og:url\" content=\"https:\/\/windyport.it\/\" \/>\n<meta property=\"og:site_name\" content=\"Windyport\" \/>\n<meta property=\"article:modified_time\" content=\"2024-06-24T15:00:51+00:00\" \/>\n<meta property=\"og:image\" content=\"https:\/\/windyport.it\/wp-content\/uploads\/2024\/04\/windyport-icon.svg\" \/>\n<meta name=\"twitter:card\" content=\"summary_large_image\" \/>\n<meta name=\"twitter:label1\" content=\"Tempo di lettura stimato\" \/>\n\t<meta name=\"twitter:data1\" content=\"2 minuti\" \/>\n<script type=\"application\/ld+json\" class=\"yoast-schema-graph\">{\"@context\":\"https:\/\/schema.org\",\"@graph\":[{\"@type\":\"WebPage\",\"@id\":\"https:\/\/windyport.it\/\",\"url\":\"https:\/\/windyport.it\/\",\"name\":\"Home - Windyport\",\"isPartOf\":{\"@id\":\"https:\/\/windyport.it\/#website\"},\"primaryImageOfPage\":{\"@id\":\"https:\/\/windyport.it\/#primaryimage\"},\"image\":{\"@id\":\"https:\/\/windyport.it\/#primaryimage\"},\"thumbnailUrl\":\"https:\/\/windyport.it\/wp-content\/uploads\/2024\/04\/windyport-icon.svg\",\"datePublished\":\"2024-05-24T09:01:00+00:00\",\"dateModified\":\"2024-06-24T15:00:51+00:00\",\"breadcrumb\":{\"@id\":\"https:\/\/windyport.it\/#breadcrumb\"},\"inLanguage\":\"it-IT\",\"potentialAction\":[{\"@type\":\"ReadAction\",\"target\":[\"https:\/\/windyport.it\/\"]}]},{\"@type\":\"ImageObject\",\"inLanguage\":\"it-IT\",\"@id\":\"https:\/\/windyport.it\/#primaryimage\",\"url\":\"https:\/\/windyport.it\/wp-content\/uploads\/2024\/04\/windyport-icon.svg\",\"contentUrl\":\"https:\/\/windyport.it\/wp-content\/uploads\/2024\/04\/windyport-icon.svg\",\"width\":54,\"height\":54},{\"@type\":\"BreadcrumbList\",\"@id\":\"https:\/\/windyport.it\/#breadcrumb\",\"itemListElement\":[{\"@type\":\"ListItem\",\"position\":1,\"name\":\"Home\",\"item\":\"https:\/\/windyport.it\/\"},{\"@type\":\"ListItem\",\"position\":2,\"name\":\"Home\"}]},{\"@type\":\"WebSite\",\"@id\":\"https:\/\/windyport.it\/#website\",\"url\":\"https:\/\/windyport.it\/\",\"name\":\"Windyport\",\"description\":\"\",\"publisher\":{\"@id\":\"https:\/\/windyport.it\/#organization\"},\"potentialAction\":[{\"@type\":\"SearchAction\",\"target\":{\"@type\":\"EntryPoint\",\"urlTemplate\":\"https:\/\/windyport.it\/?s={search_term_string}\"},\"query-input\":{\"@type\":\"PropertyValueSpecification\",\"valueRequired\":true,\"valueName\":\"search_term_string\"}}],\"inLanguage\":\"it-IT\"},{\"@type\":\"Organization\",\"@id\":\"https:\/\/windyport.it\/#organization\",\"name\":\"Windyport\",\"url\":\"https:\/\/windyport.it\/\",\"logo\":{\"@type\":\"ImageObject\",\"inLanguage\":\"it-IT\",\"@id\":\"https:\/\/windyport.it\/#\/schema\/logo\/image\/\",\"url\":\"https:\/\/windyport.it\/wp-content\/uploads\/2024\/04\/windyport-logo.svg\",\"contentUrl\":\"https:\/\/windyport.it\/wp-content\/uploads\/2024\/04\/windyport-logo.svg\",\"width\":334,\"height\":57,\"caption\":\"Windyport\"},\"image\":{\"@id\":\"https:\/\/windyport.it\/#\/schema\/logo\/image\/\"}}]}<\/script>\n<!-- \/ Yoast SEO plugin. -->","yoast_head_json":{"title":"Home - Windyport","robots":{"index":"index","follow":"follow","max-snippet":"max-snippet:-1","max-image-preview":"max-image-preview:large","max-video-preview":"max-video-preview:-1"},"canonical":"https:\/\/windyport.it\/","og_locale":"it_IT","og_type":"article","og_title":"Home - Windyport","og_description":"Sail the change \u201cThe only way forward, if we are going to improve the quality of the environment, is to get everybody involved.\u201d Richard Rogers ABOUT Windy Port sostiene la sinergia tra imprese, comunit\u00e0 e ambiente naturale per facilitare l&#8217;adozione delle pratiche sostenibili in tutte le aziende ed estenderne al massimo la diffusione. Il nostro [&hellip;]","og_url":"https:\/\/windyport.it\/","og_site_name":"Windyport","article_modified_time":"2024-06-24T15:00:51+00:00","og_image":[{"url":"https:\/\/windyport.it\/wp-content\/uploads\/2024\/04\/windyport-icon.svg","type":"","width":"","height":""}],"twitter_card":"summary_large_image","twitter_misc":{"Tempo di lettura stimato":"2 minuti"},"schema":{"@context":"https:\/\/schema.org","@graph":[{"@type":"WebPage","@id":"https:\/\/windyport.it\/","url":"https:\/\/windyport.it\/","name":"Home - Windyport","isPartOf":{"@id":"https:\/\/windyport.it\/#website"},"primaryImageOfPage":{"@id":"https:\/\/windyport.it\/#primaryimage"},"image":{"@id":"https:\/\/windyport.it\/#primaryimage"},"thumbnailUrl":"https:\/\/windyport.it\/wp-content\/uploads\/2024\/04\/windyport-icon.svg","datePublished":"2024-05-24T09:01:00+00:00","dateModified":"2024-06-24T15:00:51+00:00","breadcrumb":{"@id":"https:\/\/windyport.it\/#breadcrumb"},"inLanguage":"it-IT","potentialAction":[{"@type":"ReadAction","target":["https:\/\/windyport.it\/"]}]},{"@type":"ImageObject","inLanguage":"it-IT","@id":"https:\/\/windyport.it\/#primaryimage","url":"https:\/\/windyport.it\/wp-content\/uploads\/2024\/04\/windyport-icon.svg","contentUrl":"https:\/\/windyport.it\/wp-content\/uploads\/2024\/04\/windyport-icon.svg","width":54,"height":54},{"@type":"BreadcrumbList","@id":"https:\/\/windyport.it\/#breadcrumb","itemListElement":[{"@type":"ListItem","position":1,"name":"Home","item":"https:\/\/windyport.it\/"},{"@type":"ListItem","position":2,"name":"Home"}]},{"@type":"WebSite","@id":"https:\/\/windyport.it\/#website","url":"https:\/\/windyport.it\/","name":"Windyport","description":"","publisher":{"@id":"https:\/\/windyport.it\/#organization"},"potentialAction":[{"@type":"SearchAction","target":{"@type":"EntryPoint","urlTemplate":"https:\/\/windyport.it\/?s={search_term_string}"},"query-input":{"@type":"PropertyValueSpecification","valueRequired":true,"valueName":"search_term_string"}}],"inLanguage":"it-IT"},{"@type":"Organization","@id":"https:\/\/windyport.it\/#organization","name":"Windyport","url":"https:\/\/windyport.it\/","logo":{"@type":"ImageObject","inLanguage":"it-IT","@id":"https:\/\/windyport.it\/#\/schema\/logo\/image\/","url":"https:\/\/windyport.it\/wp-content\/uploads\/2024\/04\/windyport-logo.svg","contentUrl":"https:\/\/windyport.it\/wp-content\/uploads\/2024\/04\/windyport-logo.svg","width":334,"height":57,"caption":"Windyport"},"image":{"@id":"https:\/\/windyport.it\/#\/schema\/logo\/image\/"}}]}},"_links":{"self":[{"href":"https:\/\/windyport.it\/index.php\/wp-json\/wp\/v2\/pages\/235","targetHints":{"allow":["GET"]}}],"collection":[{"href":"https:\/\/windyport.it\/index.php\/wp-json\/wp\/v2\/pages"}],"about":[{"href":"https:\/\/windyport.it\/index.php\/wp-json\/wp\/v2\/types\/page"}],"author":[{"embeddable":true,"href":"https:\/\/windyport.it\/index.php\/wp-json\/wp\/v2\/users\/1"}],"replies":[{"embeddable":true,"href":"https:\/\/windyport.it\/index.php\/wp-json\/wp\/v2\/comments?post=235"}],"version-history":[{"count":97,"href":"https:\/\/windyport.it\/index.php\/wp-json\/wp\/v2\/pages\/235\/revisions"}],"predecessor-version":[{"id":554,"href":"https:\/\/windyport.it\/index.php\/wp-json\/wp\/v2\/pages\/235\/revisions\/554"}],"wp:attachment":[{"href":"https:\/\/windyport.it\/index.php\/wp-json\/wp\/v2\/media?parent=235"}],"curies":[{"name":"wp","href":"https:\/\/api.w.org\/{rel}","templated":true}]}}